{"id":4828,"date":"2018-09-10T02:56:22","date_gmt":"2018-09-10T02:56:22","guid":{"rendered":"https:\/\/demo2wpopal.b-cdn.net\/auros\/?page_id=13"},"modified":"2024-06-11T00:59:25","modified_gmt":"2024-06-11T00:59:25","slug":"about-us","status":"publish","type":"page","link":"https:\/\/suplipartesparaiso.com\/en\/about-us\/","title":{"rendered":"Nosotros"},"content":{"rendered":"<div data-elementor-type=\"wp-post\" data-elementor-id=\"4828\" class=\"elementor elementor-4828\" data-elementor-post-type=\"page\">\n\t\t\t\t\t\t<section class=\"elementor-section elementor-top-section elementor-element elementor-element-518fe60 elementor-section-boxed elementor-section-height-default elementor-section-height-default\" data-id=\"518fe60\" data-element_type=\"section\">\n\t\t\t\t\t\t<div class=\"elementor-container elementor-column-gap-default\">\n\t\t\t\t\t<div class=\"elementor-column elementor-col-100 elementor-top-column elementor-element elementor-element-a51c3d5\" data-id=\"a51c3d5\" data-element_type=\"column\">\n\t\t\t<div class=\"elementor-widget-wrap elementor-element-populated\">\n\t\t\t\t\t\t<div class=\"elementor-element elementor-element-5de4735 elementor-invisible elementor-widget elementor-widget-image\" data-id=\"5de4735\" data-element_type=\"widget\" data-settings=\"{&quot;_animation&quot;:&quot;zoomIn&quot;}\" data-widget_type=\"image.default\">\n\t\t\t\t<div class=\"elementor-widget-container\">\n\t\t\t\t\t        <div class=\"elementor-image\">\n                                                <img fetchpriority=\"high\" decoding=\"async\" width=\"500\" height=\"184\" src=\"https:\/\/suplipartesparaiso.com\/wp-content\/uploads\/2018\/09\/logo-supli-v1.png\" class=\"attachment-full size-full wp-image-5433\" alt=\"\" srcset=\"https:\/\/suplipartesparaiso.com\/wp-content\/uploads\/2018\/09\/logo-supli-v1.png 500w, https:\/\/suplipartesparaiso.com\/wp-content\/smush-webp\/2018\/09\/logo-supli-v1-300x110.png.webp 300w\" sizes=\"(max-width: 500px) 100vw, 500px\" \/>                                                            <\/div>\n        \t\t\t\t<\/div>\n\t\t\t\t<\/div>\n\t\t\t\t<div class=\"elementor-element elementor-element-2968bba animated-fast elementor-invisible elementor-widget elementor-widget-heading\" data-id=\"2968bba\" data-element_type=\"widget\" data-settings=\"{&quot;_animation&quot;:&quot;opal-move-up&quot;}\" data-widget_type=\"heading.default\">\n\t\t\t\t<div class=\"elementor-widget-container\">\n\t\t\t\t\t<h2 class=\"elementor-heading-title elementor-size-default\">Venta de Repuestos Automotriz<\/h2>\t\t\t\t<\/div>\n\t\t\t\t<\/div>\n\t\t\t\t<div class=\"elementor-element elementor-element-fb36111 elementor-invisible elementor-widget elementor-widget-text-editor\" data-id=\"fb36111\" data-element_type=\"widget\" data-settings=\"{&quot;_animation&quot;:&quot;opal-move-down&quot;}\" data-widget_type=\"text-editor.default\">\n\t\t\t\t<div class=\"elementor-widget-container\">\n\t\t\t\t\t\t\t<div class=\"elementor-text-editor elementor-clearfix\"><p>Somos una tienda de repuestos multimarcas ubicada en el Para\u00edso, establecida desde hace 5 a\u00f1os, con m\u00e1s de 20 a\u00f1os de experiencia en el sector automotriz y contando con el gran reconocimiento y prestigio de todos nuestros vecinos clientes del Oeste de Caracas. Tenemos muchos a\u00f1os de experiencia trabajando con ventas online para garantizar que nuestros clientes reciban el repuesto que requieren a tiempos oportunos.<\/p><p><strong>\u00bfPor que elegirnos?<\/strong><\/p><ul><li>Somos tienda f\u00edsica en Caracas, especificamente en la zona del paraiso, para que puedas acercarte al mostrador y ver el producto en tus manos.<\/li><li>Trabajamos de Lunes a Viernes en horario corrido de 9:00 am a 4:00 pm.<\/li><li>Todos nuestros productos tienen un mes de garant\u00eda desde el momento de compra.<\/li><li>Contamos con un equipo de trabajo que puede asesorarte al momento de comprar tu repuesto.<\/li><li>Nos dedicamos a dar una atencion personalizada y un servicio al cliente excepcional.<\/li><li>Tenemos los precios m\u00e1s competitivos del mercado.<\/li><\/ul><\/div>\n\t\t\t\t\t\t<\/div>\n\t\t\t\t<\/div>\n\t\t\t\t\t<\/div>\n\t\t<\/div>\n\t\t\t\t\t<\/div>\n\t\t<\/section>\n\t\t\t\t<section class=\"elementor-section elementor-top-section elementor-element elementor-element-dba616d elementor-section-boxed elementor-section-height-default elementor-section-height-default\" data-id=\"dba616d\" data-element_type=\"section\">\n\t\t\t\t\t\t<div class=\"elementor-container elementor-column-gap-default\">\n\t\t\t\t\t<div class=\"elementor-column elementor-col-50 elementor-top-column elementor-element elementor-element-61b4377 animated-fast elementor-invisible\" data-id=\"61b4377\" data-element_type=\"column\" data-settings=\"{&quot;animation&quot;:&quot;opal-move-right&quot;}\">\n\t\t\t<div class=\"elementor-widget-wrap elementor-element-populated\">\n\t\t\t\t\t\t<div class=\"elementor-element elementor-element-47592ca elementor-invisible elementor-widget elementor-widget-image\" data-id=\"47592ca\" data-element_type=\"widget\" data-settings=\"{&quot;_animation&quot;:&quot;fadeInLeft&quot;}\" data-widget_type=\"image.default\">\n\t\t\t\t<div class=\"elementor-widget-container\">\n\t\t\t\t\t        <div class=\"elementor-image\">\n                                                <img decoding=\"async\" width=\"560\" height=\"400\" src=\"https:\/\/suplipartesparaiso.com\/wp-content\/uploads\/2024\/06\/NP2.jpg\" class=\"attachment-large size-large wp-image-6143\" alt=\"\" srcset=\"https:\/\/suplipartesparaiso.com\/wp-content\/uploads\/2024\/06\/NP2.jpg 560w, https:\/\/suplipartesparaiso.com\/wp-content\/smush-webp\/2024\/06\/NP2-300x214.jpg.webp 300w, https:\/\/suplipartesparaiso.com\/wp-content\/smush-webp\/2024\/06\/NP2-400x286.jpg.webp 400w\" sizes=\"(max-width: 560px) 100vw, 560px\" \/>                                                            <\/div>\n        \t\t\t\t<\/div>\n\t\t\t\t<\/div>\n\t\t\t\t\t<\/div>\n\t\t<\/div>\n\t\t\t\t<div class=\"elementor-column elementor-col-50 elementor-top-column elementor-element elementor-element-ca6d932 animated-fast elementor-invisible\" data-id=\"ca6d932\" data-element_type=\"column\" data-settings=\"{&quot;animation&quot;:&quot;opal-move-left&quot;}\">\n\t\t\t<div class=\"elementor-widget-wrap elementor-element-populated\">\n\t\t\t\t\t\t<div class=\"elementor-element elementor-element-5d21fc3 elementor-invisible elementor-widget elementor-widget-image\" data-id=\"5d21fc3\" data-element_type=\"widget\" data-settings=\"{&quot;_animation&quot;:&quot;fadeInRight&quot;}\" data-widget_type=\"image.default\">\n\t\t\t\t<div class=\"elementor-widget-container\">\n\t\t\t\t\t        <div class=\"elementor-image\">\n                                                <img decoding=\"async\" width=\"560\" height=\"400\" src=\"https:\/\/suplipartesparaiso.com\/wp-content\/uploads\/2024\/06\/NP1.jpg\" class=\"attachment-large size-large wp-image-6142\" alt=\"\" srcset=\"https:\/\/suplipartesparaiso.com\/wp-content\/uploads\/2024\/06\/NP1.jpg 560w, https:\/\/suplipartesparaiso.com\/wp-content\/smush-webp\/2024\/06\/NP1-300x214.jpg.webp 300w, https:\/\/suplipartesparaiso.com\/wp-content\/smush-webp\/2024\/06\/NP1-400x286.jpg.webp 400w\" sizes=\"(max-width: 560px) 100vw, 560px\" \/>                                                            <\/div>\n        \t\t\t\t<\/div>\n\t\t\t\t<\/div>\n\t\t\t\t\t<\/div>\n\t\t<\/div>\n\t\t\t\t\t<\/div>\n\t\t<\/section>\n\t\t\t\t<section class=\"elementor-section elementor-top-section elementor-element elementor-element-0509b43 elementor-section-boxed elementor-section-height-default elementor-section-height-default\" data-id=\"0509b43\" data-element_type=\"section\">\n\t\t\t\t\t\t<div class=\"elementor-container elementor-column-gap-default\">\n\t\t\t\t\t<div class=\"elementor-column elementor-col-100 elementor-top-column elementor-element elementor-element-e6c3aa0\" data-id=\"e6c3aa0\" data-element_type=\"column\">\n\t\t\t<div class=\"elementor-widget-wrap elementor-element-populated\">\n\t\t\t\t\t\t<div class=\"elementor-element elementor-element-aae9b69 animated-fast elementor-invisible elementor-widget elementor-widget-heading\" data-id=\"aae9b69\" data-element_type=\"widget\" data-settings=\"{&quot;_animation&quot;:&quot;opal-move-up&quot;}\" data-widget_type=\"heading.default\">\n\t\t\t\t<div class=\"elementor-widget-container\">\n\t\t\t\t\t<h2 class=\"elementor-heading-title elementor-size-default\">Nuestros Productos<\/h2>\t\t\t\t<\/div>\n\t\t\t\t<\/div>\n\t\t\t\t<section class=\"elementor-section elementor-inner-section elementor-element elementor-element-803e6b9 elementor-section-boxed elementor-section-height-default elementor-section-height-default\" data-id=\"803e6b9\" data-element_type=\"section\">\n\t\t\t\t\t\t<div class=\"elementor-container elementor-column-gap-default\">\n\t\t\t\t\t<div class=\"elementor-column elementor-col-33 elementor-inner-column elementor-element elementor-element-a4751d1\" data-id=\"a4751d1\" data-element_type=\"column\">\n\t\t\t<div class=\"elementor-widget-wrap elementor-element-populated\">\n\t\t\t\t\t\t<div class=\"elementor-element elementor-element-bd3be13 animated-fast elementor-position-top elementor-vertical-align-top elementor-invisible elementor-widget elementor-widget-image-box\" data-id=\"bd3be13\" data-element_type=\"widget\" data-settings=\"{&quot;_animation&quot;:&quot;opal-move-right&quot;}\" data-widget_type=\"image-box.default\">\n\t\t\t\t<div class=\"elementor-widget-container\">\n\t\t\t\t\t<div class=\"elementor-image-box-wrapper\"><div class=\"elementor-image-framed\"><figure class=\"elementor-image-box-img\"><\/figure><\/div><div class=\"elementor-image-box-content\"><h3 class=\"elementor-image-box-title\">Tren Delantero<\/h3><p class=\"elementor-image-box-description\">Mant\u00e9n tu veh\u00edculo en perfecto estado con nuestro surtido de componentes para el tren delantero. Desde amortiguadores hasta r\u00f3tulas y bujes, tenemos todo lo que necesitas para asegurar una conducci\u00f3n suave y segura.<\/p><\/div><\/div>\t\t\t\t<\/div>\n\t\t\t\t<\/div>\n\t\t\t\t\t<\/div>\n\t\t<\/div>\n\t\t\t\t<div class=\"elementor-column elementor-col-33 elementor-inner-column elementor-element elementor-element-d819b58\" data-id=\"d819b58\" data-element_type=\"column\">\n\t\t\t<div class=\"elementor-widget-wrap elementor-element-populated\">\n\t\t\t\t\t\t<div class=\"elementor-element elementor-element-96e6d5e animated-fast elementor-position-top elementor-vertical-align-top elementor-invisible elementor-widget elementor-widget-image-box\" data-id=\"96e6d5e\" data-element_type=\"widget\" data-settings=\"{&quot;_animation&quot;:&quot;opal-move-right&quot;}\" data-widget_type=\"image-box.default\">\n\t\t\t\t<div class=\"elementor-widget-container\">\n\t\t\t\t\t<div class=\"elementor-image-box-wrapper\"><div class=\"elementor-image-framed\"><figure class=\"elementor-image-box-img\"><\/figure><\/div><div class=\"elementor-image-box-content\"><h3 class=\"elementor-image-box-title\">Alternadores y Arranques<\/h3><p class=\"elementor-image-box-description\">Nuestros alternadores y arranques garantizan que tu veh\u00edculo tenga la potencia necesaria para un rendimiento \u00f3ptimo. Ofrecemos productos que cumplen con los est\u00e1ndares m\u00e1s altos de calidad y durabilidad.<\/p><\/div><\/div>\t\t\t\t<\/div>\n\t\t\t\t<\/div>\n\t\t\t\t\t<\/div>\n\t\t<\/div>\n\t\t\t\t<div class=\"elementor-column elementor-col-33 elementor-inner-column elementor-element elementor-element-0246649\" data-id=\"0246649\" data-element_type=\"column\">\n\t\t\t<div class=\"elementor-widget-wrap elementor-element-populated\">\n\t\t\t\t\t\t<div class=\"elementor-element elementor-element-3f775ed animated-fast elementor-position-top elementor-vertical-align-top elementor-invisible elementor-widget elementor-widget-image-box\" data-id=\"3f775ed\" data-element_type=\"widget\" data-settings=\"{&quot;_animation&quot;:&quot;opal-move-right&quot;}\" data-widget_type=\"image-box.default\">\n\t\t\t\t<div class=\"elementor-widget-container\">\n\t\t\t\t\t<div class=\"elementor-image-box-wrapper\"><div class=\"elementor-image-framed\"><figure class=\"elementor-image-box-img\"><\/figure><\/div><div class=\"elementor-image-box-content\"><h3 class=\"elementor-image-box-title\">Poleas y Sensores<\/h3><p class=\"elementor-image-box-description\">Proporcionamos una variedad de poleas y sensores que garantizan el funcionamiento correcto de los sistemas de tu veh\u00edculo. Nuestros productos son compatibles con una amplia gama de marcas y modelos.\n<\/p><\/div><\/div>\t\t\t\t<\/div>\n\t\t\t\t<\/div>\n\t\t\t\t\t<\/div>\n\t\t<\/div>\n\t\t\t\t\t<\/div>\n\t\t<\/section>\n\t\t\t\t<section class=\"elementor-section elementor-inner-section elementor-element elementor-element-82e1c79 elementor-section-boxed elementor-section-height-default elementor-section-height-default\" data-id=\"82e1c79\" data-element_type=\"section\">\n\t\t\t\t\t\t<div class=\"elementor-container elementor-column-gap-default\">\n\t\t\t\t\t<div class=\"elementor-column elementor-col-33 elementor-inner-column elementor-element elementor-element-5fcc7ab\" data-id=\"5fcc7ab\" data-element_type=\"column\">\n\t\t\t<div class=\"elementor-widget-wrap elementor-element-populated\">\n\t\t\t\t\t\t<div class=\"elementor-element elementor-element-9b0daa8 animated-fast elementor-position-top elementor-vertical-align-top elementor-invisible elementor-widget elementor-widget-image-box\" data-id=\"9b0daa8\" data-element_type=\"widget\" data-settings=\"{&quot;_animation&quot;:&quot;opal-move-right&quot;}\" data-widget_type=\"image-box.default\">\n\t\t\t\t<div class=\"elementor-widget-container\">\n\t\t\t\t\t<div class=\"elementor-image-box-wrapper\"><div class=\"elementor-image-framed\"><figure class=\"elementor-image-box-img\"><\/figure><\/div><div class=\"elementor-image-box-content\"><h3 class=\"elementor-image-box-title\">Electroventiladores<\/h3><p class=\"elementor-image-box-description\">Mant\u00e9n la temperatura de tu motor bajo control con nuestros electroventiladores de primera calidad. Perfectos para evitar el sobrecalentamiento y asegurar un rendimiento constante.<\/p><\/div><\/div>\t\t\t\t<\/div>\n\t\t\t\t<\/div>\n\t\t\t\t\t<\/div>\n\t\t<\/div>\n\t\t\t\t<div class=\"elementor-column elementor-col-33 elementor-inner-column elementor-element elementor-element-aeb83ad\" data-id=\"aeb83ad\" data-element_type=\"column\">\n\t\t\t<div class=\"elementor-widget-wrap elementor-element-populated\">\n\t\t\t\t\t\t<div class=\"elementor-element elementor-element-328b960 animated-fast elementor-position-top elementor-vertical-align-top elementor-invisible elementor-widget elementor-widget-image-box\" data-id=\"328b960\" data-element_type=\"widget\" data-settings=\"{&quot;_animation&quot;:&quot;opal-move-right&quot;}\" data-widget_type=\"image-box.default\">\n\t\t\t\t<div class=\"elementor-widget-container\">\n\t\t\t\t\t<div class=\"elementor-image-box-wrapper\"><div class=\"elementor-image-framed\"><figure class=\"elementor-image-box-img\"><\/figure><\/div><div class=\"elementor-image-box-content\"><h3 class=\"elementor-image-box-title\">Autom\u00e1tico de Arranque<\/h3><p class=\"elementor-image-box-description\">Nuestros autom\u00e1ticos de arranque son esenciales para un encendido fiable del motor, asegurando que tu veh\u00edculo arranque sin problemas cada vez.<\/p><\/div><\/div>\t\t\t\t<\/div>\n\t\t\t\t<\/div>\n\t\t\t\t\t<\/div>\n\t\t<\/div>\n\t\t\t\t<div class=\"elementor-column elementor-col-33 elementor-inner-column elementor-element elementor-element-609f37f\" data-id=\"609f37f\" data-element_type=\"column\">\n\t\t\t<div class=\"elementor-widget-wrap elementor-element-populated\">\n\t\t\t\t\t\t<div class=\"elementor-element elementor-element-2c069d6 animated-fast elementor-position-top elementor-vertical-align-top elementor-invisible elementor-widget elementor-widget-image-box\" data-id=\"2c069d6\" data-element_type=\"widget\" data-settings=\"{&quot;_animation&quot;:&quot;opal-move-right&quot;}\" data-widget_type=\"image-box.default\">\n\t\t\t\t<div class=\"elementor-widget-container\">\n\t\t\t\t\t<div class=\"elementor-image-box-wrapper\"><div class=\"elementor-image-framed\"><figure class=\"elementor-image-box-img\"><\/figure><\/div><div class=\"elementor-image-box-content\"><h3 class=\"elementor-image-box-title\">Bombas de Gasolina y de Agua<\/h3><p class=\"elementor-image-box-description\">Mant\u00e9n tu motor en funcionamiento \u00f3ptimo con nuestras bombas de gasolina y de agua. Dise\u00f1adas para eficiencia y durabilidad, son esenciales para el buen funcionamiento de tu veh\u00edculo.\n<\/p><\/div><\/div>\t\t\t\t<\/div>\n\t\t\t\t<\/div>\n\t\t\t\t\t<\/div>\n\t\t<\/div>\n\t\t\t\t\t<\/div>\n\t\t<\/section>\n\t\t\t\t<section class=\"elementor-section elementor-inner-section elementor-element elementor-element-dd69eea elementor-section-boxed elementor-section-height-default elementor-section-height-default\" data-id=\"dd69eea\" data-element_type=\"section\">\n\t\t\t\t\t\t<div class=\"elementor-container elementor-column-gap-default\">\n\t\t\t\t\t<div class=\"elementor-column elementor-col-33 elementor-inner-column elementor-element elementor-element-eb96aa1\" data-id=\"eb96aa1\" data-element_type=\"column\">\n\t\t\t<div class=\"elementor-widget-wrap elementor-element-populated\">\n\t\t\t\t\t\t<div class=\"elementor-element elementor-element-4cc20cf animated-fast elementor-position-top elementor-vertical-align-top elementor-invisible elementor-widget elementor-widget-image-box\" data-id=\"4cc20cf\" data-element_type=\"widget\" data-settings=\"{&quot;_animation&quot;:&quot;opal-move-right&quot;}\" data-widget_type=\"image-box.default\">\n\t\t\t\t<div class=\"elementor-widget-container\">\n\t\t\t\t\t<div class=\"elementor-image-box-wrapper\"><div class=\"elementor-image-framed\"><figure class=\"elementor-image-box-img\"><\/figure><\/div><div class=\"elementor-image-box-content\"><h3 class=\"elementor-image-box-title\">Bases de Caja y de Motor<\/h3><p class=\"elementor-image-box-description\">Las bases de caja y de motor que ofrecemos proporcionan estabilidad y reducen las vibraciones, prolongando la vida \u00fatil de tu veh\u00edculo y mejorando la experiencia de conducci\u00f3n.<\/p><\/div><\/div>\t\t\t\t<\/div>\n\t\t\t\t<\/div>\n\t\t\t\t\t<\/div>\n\t\t<\/div>\n\t\t\t\t<div class=\"elementor-column elementor-col-33 elementor-inner-column elementor-element elementor-element-ec45629\" data-id=\"ec45629\" data-element_type=\"column\">\n\t\t\t<div class=\"elementor-widget-wrap elementor-element-populated\">\n\t\t\t\t\t\t<div class=\"elementor-element elementor-element-b87a103 animated-fast elementor-position-top elementor-vertical-align-top elementor-invisible elementor-widget elementor-widget-image-box\" data-id=\"b87a103\" data-element_type=\"widget\" data-settings=\"{&quot;_animation&quot;:&quot;opal-move-right&quot;}\" data-widget_type=\"image-box.default\">\n\t\t\t\t<div class=\"elementor-widget-container\">\n\t\t\t\t\t<div class=\"elementor-image-box-wrapper\"><div class=\"elementor-image-framed\"><figure class=\"elementor-image-box-img\"><\/figure><\/div><div class=\"elementor-image-box-content\"><h3 class=\"elementor-image-box-title\">Retrovisores<\/h3><p class=\"elementor-image-box-description\">Aseg\u00farate de tener una visi\u00f3n clara y sin obstrucciones con nuestros retrovisores de alta calidad. Disponibles para una variedad de modelos, nuestros retrovisores son f\u00e1ciles de instalar y duraderos.<\/p><\/div><\/div>\t\t\t\t<\/div>\n\t\t\t\t<\/div>\n\t\t\t\t\t<\/div>\n\t\t<\/div>\n\t\t\t\t<div class=\"elementor-column elementor-col-33 elementor-inner-column elementor-element elementor-element-262246e\" data-id=\"262246e\" data-element_type=\"column\">\n\t\t\t<div class=\"elementor-widget-wrap elementor-element-populated\">\n\t\t\t\t\t\t<div class=\"elementor-element elementor-element-334a422 animated-fast elementor-position-top elementor-vertical-align-top elementor-invisible elementor-widget elementor-widget-image-box\" data-id=\"334a422\" data-element_type=\"widget\" data-settings=\"{&quot;_animation&quot;:&quot;opal-move-right&quot;}\" data-widget_type=\"image-box.default\">\n\t\t\t\t<div class=\"elementor-widget-container\">\n\t\t\t\t\t<div class=\"elementor-image-box-wrapper\"><div class=\"elementor-image-framed\"><figure class=\"elementor-image-box-img\"><\/figure><\/div><div class=\"elementor-image-box-content\"><h3 class=\"elementor-image-box-title\">M\u00f3dulo de Encendido<\/h3><p class=\"elementor-image-box-description\">Nuestros m\u00f3dulos de encendido son fundamentales para un arranque suave y un rendimiento eficiente del motor. Ofrecemos productos de alta calidad para asegurar la m\u00e1xima fiabilidad.<\/p><\/div><\/div>\t\t\t\t<\/div>\n\t\t\t\t<\/div>\n\t\t\t\t\t<\/div>\n\t\t<\/div>\n\t\t\t\t\t<\/div>\n\t\t<\/section>\n\t\t\t\t\t<\/div>\n\t\t<\/div>\n\t\t\t\t\t<\/div>\n\t\t<\/section>\n\t\t\t\t<\/div>","protected":false},"excerpt":{"rendered":"<p>Venta de Repuestos Automotriz Somos una tienda de repuestos multimarcas ubicada en el Para\u00edso, establecida desde hace 5 a\u00f1os, con m\u00e1s de 20 a\u00f1os de experiencia en el sector automotriz y contando con el gran reconocimiento y prestigio de todos nuestros vecinos clientes del Oeste de Caracas. Tenemos muchos a\u00f1os de experiencia trabajando con ventas &hellip; <\/p>\n<p class=\"link-more\"><a href=\"https:\/\/suplipartesparaiso.com\/en\/about-us\/\" class=\"more-link\">Read More <span class=\"screen-reader-text\"> &#8220;Nosotros&#8221;<\/span><\/a><\/p>","protected":false},"author":1,"featured_media":0,"parent":0,"menu_order":0,"comment_status":"closed","ping_status":"closed","template":"","meta":{"footnotes":""},"class_list":["post-4828","page","type-page","status-publish","hentry"],"_links":{"self":[{"href":"https:\/\/suplipartesparaiso.com\/en\/wp-json\/wp\/v2\/pages\/4828","targetHints":{"allow":["GET"]}}],"collection":[{"href":"https:\/\/suplipartesparaiso.com\/en\/wp-json\/wp\/v2\/pages"}],"about":[{"href":"https:\/\/suplipartesparaiso.com\/en\/wp-json\/wp\/v2\/types\/page"}],"author":[{"embeddable":true,"href":"https:\/\/suplipartesparaiso.com\/en\/wp-json\/wp\/v2\/users\/1"}],"replies":[{"embeddable":true,"href":"https:\/\/suplipartesparaiso.com\/en\/wp-json\/wp\/v2\/comments?post=4828"}],"version-history":[{"count":113,"href":"https:\/\/suplipartesparaiso.com\/en\/wp-json\/wp\/v2\/pages\/4828\/revisions"}],"predecessor-version":[{"id":6618,"href":"https:\/\/suplipartesparaiso.com\/en\/wp-json\/wp\/v2\/pages\/4828\/revisions\/6618"}],"wp:attachment":[{"href":"https:\/\/suplipartesparaiso.com\/en\/wp-json\/wp\/v2\/media?parent=4828"}],"curies":[{"name":"wp","href":"https:\/\/api.w.org\/{rel}","templated":true}]}}