{"id":5780,"date":"2024-06-04T23:44:38","date_gmt":"2024-06-04T23:44:38","guid":{"rendered":"https:\/\/suplipartesparaiso.com\/?post_type=product&#038;p=5780"},"modified":"2024-06-04T23:44:42","modified_gmt":"2024-06-04T23:44:42","slug":"kit-rolinera-rodamiento-rueda-trasera-ford-ka-fiesta-balita","status":"publish","type":"product","link":"https:\/\/suplipartesparaiso.com\/en\/product\/kit-rolinera-rodamiento-rueda-trasera-ford-ka-fiesta-balita\/","title":{"rendered":"Kit Rolinera Rodamiento Rueda Trasera Ford Ka Fiesta Balita"},"content":{"rendered":"<div class=\"ui-vpp-striped-specs\">\n<div class=\"ui-vpp-striped-specs__table\">\n<h3 class=\"ui-vpp-striped-specs__header\">Caracter\u00edsticas principales<\/h3>\n<table class=\"andes-table\">\n<tbody class=\"andes-table__body\">\n<tr class=\"andes-table__row ui-vpp-striped-specs__row\">\n<th class=\"andes-table__header andes-table__header--left ui-vpp-striped-specs__row__column ui-vpp-striped-specs__row__column--id\" scope=\"col\">\n<div class=\"andes-table__header__container\">Marca<\/div>\n<\/th>\n<td id=\":Radtat6l9im:\" class=\"andes-table__column andes-table__column--left andes-table__column--vertical-align-center ui-vpp-striped-specs__row__column\" title=\"Timken\"><span class=\"andes-table__column--value\">Timken<\/span><\/td>\n<\/tr>\n<tr class=\"andes-table__row ui-vpp-striped-specs__row\">\n<th class=\"andes-table__header andes-table__header--left ui-vpp-striped-specs__row__column ui-vpp-striped-specs__row__column--id\" scope=\"col\">\n<div class=\"andes-table__header__container\">N\u00famero de pieza<\/div>\n<\/th>\n<td id=\":Raetat6l9im:\" class=\"andes-table__column andes-table__column--left andes-table__column--vertical-align-center ui-vpp-striped-specs__row__column\" title=\"VKBA4533\"><span class=\"andes-table__column--value\">VKBA4533<\/span><\/td>\n<\/tr>\n<\/tbody>\n<\/table>\n<\/div>\n<\/div>\n<div class=\"ui-vpp-striped-specs\">\n<div class=\"ui-vpp-striped-specs__table\">\n<h3 class=\"ui-vpp-striped-specs__header\">Otros<\/h3>\n<table class=\"andes-table\">\n<tbody class=\"andes-table__body\">\n<tr class=\"andes-table__row ui-vpp-striped-specs__row\">\n<th class=\"andes-table__header andes-table__header--left ui-vpp-striped-specs__row__column ui-vpp-striped-specs__row__column--id\" scope=\"col\">\n<div class=\"andes-table__header__container\">Tipo de veh\u00edculo<\/div>\n<\/th>\n<td id=\":Radtit6l9im:\" class=\"andes-table__column andes-table__column--left andes-table__column--vertical-align-center ui-vpp-striped-specs__row__column\" title=\"Auto\/Camioneta\"><span class=\"andes-table__column--value\">Auto\/Camioneta<\/span><\/td>\n<\/tr>\n<tr class=\"andes-table__row ui-vpp-striped-specs__row\">\n<th class=\"andes-table__header andes-table__header--left ui-vpp-striped-specs__row__column ui-vpp-striped-specs__row__column--id\" scope=\"col\">\n<div class=\"andes-table__header__container\">Tipo de montaje<\/div>\n<\/th>\n<td id=\":Raetit6l9im:\" class=\"andes-table__column andes-table__column--left andes-table__column--vertical-align-center ui-vpp-striped-specs__row__column\" title=\"Trasero\"><span class=\"andes-table__column--value\">Trasero<\/span><\/td>\n<\/tr>\n<\/tbody>\n<\/table>\n<\/div>\n<\/div>","protected":false},"excerpt":{"rendered":"<p>Caracter\u00edsticas principales Marca Timken N\u00famero de pieza VKBA4533 Otros Tipo de veh\u00edculo Auto\/Camioneta Tipo de montaje Trasero<\/p>","protected":false},"featured_media":5781,"template":"","meta":[],"product_cat":[65,108,73,40],"product_tag":[],"class_list":{"0":"post-5780","1":"product","2":"type-product","3":"status-publish","4":"has-post-thumbnail","6":"product_cat-ford","7":"product_cat-rolineras-ford","8":"product_cat-rolineras","9":"product_cat-all","11":"first","12":"instock","13":"shipping-taxable","14":"purchasable","15":"product-type-simple"},"_links":{"self":[{"href":"https:\/\/suplipartesparaiso.com\/en\/wp-json\/wp\/v2\/product\/5780","targetHints":{"allow":["GET"]}}],"collection":[{"href":"https:\/\/suplipartesparaiso.com\/en\/wp-json\/wp\/v2\/product"}],"about":[{"href":"https:\/\/suplipartesparaiso.com\/en\/wp-json\/wp\/v2\/types\/product"}],"version-history":[{"count":1,"href":"https:\/\/suplipartesparaiso.com\/en\/wp-json\/wp\/v2\/product\/5780\/revisions"}],"predecessor-version":[{"id":5783,"href":"https:\/\/suplipartesparaiso.com\/en\/wp-json\/wp\/v2\/product\/5780\/revisions\/5783"}],"wp:featuredmedia":[{"embeddable":true,"href":"https:\/\/suplipartesparaiso.com\/en\/wp-json\/wp\/v2\/media\/5781"}],"wp:attachment":[{"href":"https:\/\/suplipartesparaiso.com\/en\/wp-json\/wp\/v2\/media?parent=5780"}],"wp:term":[{"taxonomy":"product_cat","embeddable":true,"href":"https:\/\/suplipartesparaiso.com\/en\/wp-json\/wp\/v2\/product_cat?post=5780"},{"taxonomy":"product_tag","embeddable":true,"href":"https:\/\/suplipartesparaiso.com\/en\/wp-json\/wp\/v2\/product_tag?post=5780"}],"curies":[{"name":"wp","href":"https:\/\/api.w.org\/{rel}","templated":true}]}}