{"id":5803,"date":"2024-06-05T00:18:40","date_gmt":"2024-06-05T00:18:40","guid":{"rendered":"https:\/\/suplipartesparaiso.com\/?post_type=product&#038;p=5803"},"modified":"2024-06-05T00:18:40","modified_gmt":"2024-06-05T00:18:40","slug":"arranque-blazer-grand-blazer-silverado-cheyenne-v8-1991-2002","status":"publish","type":"product","link":"https:\/\/suplipartesparaiso.com\/en\/product\/arranque-blazer-grand-blazer-silverado-cheyenne-v8-1991-2002\/","title":{"rendered":"Arranque Blazer Grand Blazer Silverado Cheyenne V8 1991-2002"},"content":{"rendered":"<div class=\"ui-vpp-striped-specs\">\n<div class=\"ui-vpp-striped-specs__table\">\n<h3 class=\"ui-vpp-striped-specs__header\">Caracter\u00edsticas principales<\/h3>\n<table class=\"andes-table\">\n<tbody class=\"andes-table__body\">\n<tr class=\"andes-table__row ui-vpp-striped-specs__row\">\n<th class=\"andes-table__header andes-table__header--left ui-vpp-striped-specs__row__column ui-vpp-striped-specs__row__column--id\" scope=\"col\">\n<div class=\"andes-table__header__container\">Marca<\/div>\n<\/th>\n<td id=\":Radtat6l9im:\" class=\"andes-table__column andes-table__column--left andes-table__column--vertical-align-center ui-vpp-striped-specs__row__column\" title=\"MOTORTECH\"><span class=\"andes-table__column--value\">MOTORTECH<\/span><\/td>\n<\/tr>\n<tr class=\"andes-table__row ui-vpp-striped-specs__row\">\n<th class=\"andes-table__header andes-table__header--left ui-vpp-striped-specs__row__column ui-vpp-striped-specs__row__column--id\" scope=\"col\">\n<div class=\"andes-table__header__container\">N\u00famero de pieza<\/div>\n<\/th>\n<td id=\":Raetat6l9im:\" class=\"andes-table__column andes-table__column--left andes-table__column--vertical-align-center ui-vpp-striped-specs__row__column\" title=\"MODELO CHILLON\"><span class=\"andes-table__column--value\">MODELO CHILLON<\/span><\/td>\n<\/tr>\n<\/tbody>\n<\/table>\n<\/div>\n<\/div>\n<div class=\"ui-vpp-striped-specs\">\n<div class=\"ui-vpp-striped-specs__table\">\n<h3 class=\"ui-vpp-striped-specs__header\">Otros<\/h3>\n<table class=\"andes-table\">\n<tbody class=\"andes-table__body\">\n<tr class=\"andes-table__row ui-vpp-striped-specs__row\">\n<th class=\"andes-table__header andes-table__header--left ui-vpp-striped-specs__row__column ui-vpp-striped-specs__row__column--id\" scope=\"col\">\n<div class=\"andes-table__header__container\">Dientes de bendix<\/div>\n<\/th>\n<td id=\":Radtit6l9im:\" class=\"andes-table__column andes-table__column--left andes-table__column--vertical-align-center ui-vpp-striped-specs__row__column\" title=\"11\"><span class=\"andes-table__column--value\">11<\/span><\/td>\n<\/tr>\n<tr class=\"andes-table__row ui-vpp-striped-specs__row\">\n<th class=\"andes-table__header andes-table__header--left ui-vpp-striped-specs__row__column ui-vpp-striped-specs__row__column--id\" scope=\"col\">\n<div class=\"andes-table__header__container\">Voltaje<\/div>\n<\/th>\n<td id=\":Raetit6l9im:\" class=\"andes-table__column andes-table__column--left andes-table__column--vertical-align-center ui-vpp-striped-specs__row__column\" title=\"12V\"><span class=\"andes-table__column--value\">12V<\/span><\/td>\n<\/tr>\n<tr class=\"andes-table__row ui-vpp-striped-specs__row\">\n<th class=\"andes-table__header andes-table__header--left ui-vpp-striped-specs__row__column ui-vpp-striped-specs__row__column--id\" scope=\"col\">\n<div class=\"andes-table__header__container\">Tipo de veh\u00edculo<\/div>\n<\/th>\n<td id=\":Raftit6l9im:\" class=\"andes-table__column andes-table__column--left andes-table__column--vertical-align-center ui-vpp-striped-specs__row__column\" title=\"Auto\/Camioneta\"><span class=\"andes-table__column--value\">Auto\/Camioneta<\/span><\/td>\n<\/tr>\n<\/tbody>\n<\/table>\n<\/div>\n<\/div>","protected":false},"excerpt":{"rendered":"<p>Caracter\u00edsticas principales Marca MOTORTECH N\u00famero de pieza MODELO CHILLON Otros Dientes de bendix 11 Voltaje 12V Tipo de veh\u00edculo Auto\/Camioneta<\/p>","protected":false},"featured_media":5807,"template":"","meta":[],"product_cat":[95,70,74,40],"product_tag":[],"class_list":{"0":"post-5803","1":"product","2":"type-product","3":"status-publish","4":"has-post-thumbnail","6":"product_cat-arranques-chevrolet","7":"product_cat-chevrolet","8":"product_cat-arranques","9":"product_cat-all","11":"first","12":"instock","13":"shipping-taxable","14":"purchasable","15":"product-type-simple"},"_links":{"self":[{"href":"https:\/\/suplipartesparaiso.com\/en\/wp-json\/wp\/v2\/product\/5803","targetHints":{"allow":["GET"]}}],"collection":[{"href":"https:\/\/suplipartesparaiso.com\/en\/wp-json\/wp\/v2\/product"}],"about":[{"href":"https:\/\/suplipartesparaiso.com\/en\/wp-json\/wp\/v2\/types\/product"}],"version-history":[{"count":1,"href":"https:\/\/suplipartesparaiso.com\/en\/wp-json\/wp\/v2\/product\/5803\/revisions"}],"predecessor-version":[{"id":5810,"href":"https:\/\/suplipartesparaiso.com\/en\/wp-json\/wp\/v2\/product\/5803\/revisions\/5810"}],"wp:featuredmedia":[{"embeddable":true,"href":"https:\/\/suplipartesparaiso.com\/en\/wp-json\/wp\/v2\/media\/5807"}],"wp:attachment":[{"href":"https:\/\/suplipartesparaiso.com\/en\/wp-json\/wp\/v2\/media?parent=5803"}],"wp:term":[{"taxonomy":"product_cat","embeddable":true,"href":"https:\/\/suplipartesparaiso.com\/en\/wp-json\/wp\/v2\/product_cat?post=5803"},{"taxonomy":"product_tag","embeddable":true,"href":"https:\/\/suplipartesparaiso.com\/en\/wp-json\/wp\/v2\/product_tag?post=5803"}],"curies":[{"name":"wp","href":"https:\/\/api.w.org\/{rel}","templated":true}]}}