{"id":5811,"date":"2024-06-05T00:27:42","date_gmt":"2024-06-05T00:27:42","guid":{"rendered":"https:\/\/suplipartesparaiso.com\/?post_type=product&#038;p=5811"},"modified":"2024-06-05T00:27:42","modified_gmt":"2024-06-05T00:27:42","slug":"arranque-dodge-ram-97-00-dodge-318-tienda","status":"publish","type":"product","link":"https:\/\/suplipartesparaiso.com\/en\/product\/arranque-dodge-ram-97-00-dodge-318-tienda\/","title":{"rendered":"Arranque Dodge Ram 97-00 \/ Dodge 318 *tienda*"},"content":{"rendered":"<div class=\"ui-pdp-container__row ui-pdp-container__row--highlighted-specs-title\">\n<h2 class=\"ui-vpp-text-alignment--left ui-pdp-color--BLACK ui-pdp-size--XLARGE ui-pdp-family--REGULAR highlighted-specs-title\">Caracter\u00edsticas del producto<\/h2>\n<\/div>\n<div class=\"ui-pdp-container__row ui-pdp-container__row--technical-specifications\">\n<div class=\"ui-pdp-collapsable ui-vpp-highlighted-specs__striped-collapsed__action\">\n<div class=\"ui-pdp-collapsable__container\">\n<div class=\"ui-vpp-highlighted-specs__striped-specs\">\n<div class=\"ui-vpp-striped-specs\">\n<div class=\"ui-vpp-striped-specs__table\">\n<h3 class=\"ui-vpp-striped-specs__header\">Caracter\u00edsticas principales<\/h3>\n<table class=\"andes-table\">\n<tbody class=\"andes-table__body\">\n<tr class=\"andes-table__row ui-vpp-striped-specs__row\">\n<th class=\"andes-table__header andes-table__header--left ui-vpp-striped-specs__row__column ui-vpp-striped-specs__row__column--id\" scope=\"col\">\n<div class=\"andes-table__header__container\">Marca<\/div>\n<\/th>\n<td id=\":Radtat6l9im:\" class=\"andes-table__column andes-table__column--left andes-table__column--vertical-align-center ui-vpp-striped-specs__row__column\" title=\"MOTORTECH\"><span class=\"andes-table__column--value\">MOTORTECH<\/span><\/td>\n<\/tr>\n<tr class=\"andes-table__row ui-vpp-striped-specs__row\">\n<th class=\"andes-table__header andes-table__header--left ui-vpp-striped-specs__row__column ui-vpp-striped-specs__row__column--id\" scope=\"col\">\n<div class=\"andes-table__header__container\">N\u00famero de pieza<\/div>\n<\/th>\n<td id=\":Raetat6l9im:\" class=\"andes-table__column andes-table__column--left andes-table__column--vertical-align-center ui-vpp-striped-specs__row__column\" title=\"17446\"><span class=\"andes-table__column--value\">17446<\/span><\/td>\n<\/tr>\n<\/tbody>\n<\/table>\n<\/div>\n<\/div>\n<div class=\"ui-vpp-striped-specs\">\n<div class=\"ui-vpp-striped-specs__table\">\n<h3 class=\"ui-vpp-striped-specs__header\">Otros<\/h3>\n<table class=\"andes-table\">\n<tbody class=\"andes-table__body\">\n<tr class=\"andes-table__row ui-vpp-striped-specs__row\">\n<th class=\"andes-table__header andes-table__header--left ui-vpp-striped-specs__row__column ui-vpp-striped-specs__row__column--id\" scope=\"col\">\n<div class=\"andes-table__header__container\">Tipo de veh\u00edculo<\/div>\n<\/th>\n<td id=\":R57tit6l9im:\" class=\"andes-table__column andes-table__column--left andes-table__column--vertical-align-center ui-vpp-striped-specs__row__column\" title=\"Auto\/Camioneta\"><span class=\"andes-table__column--value\">Auto\/Camioneta<\/span><\/td>\n<\/tr>\n<\/tbody>\n<\/table>\n<\/div>\n<\/div>\n<\/div>\n<\/div>\n<\/div>\n<\/div>","protected":false},"excerpt":{"rendered":"<p>Caracter\u00edsticas del producto Caracter\u00edsticas principales Marca MOTORTECH N\u00famero de pieza 17446 Otros Tipo de veh\u00edculo Auto\/Camioneta<\/p>","protected":false},"featured_media":5813,"template":"","meta":[],"product_cat":[135,134,74,40],"product_tag":[],"class_list":{"0":"post-5811","1":"product","2":"type-product","3":"status-publish","4":"has-post-thumbnail","6":"product_cat-arranques-dodge","7":"product_cat-dodge","8":"product_cat-arranques","9":"product_cat-all","11":"first","12":"instock","13":"shipping-taxable","14":"purchasable","15":"product-type-simple"},"_links":{"self":[{"href":"https:\/\/suplipartesparaiso.com\/en\/wp-json\/wp\/v2\/product\/5811","targetHints":{"allow":["GET"]}}],"collection":[{"href":"https:\/\/suplipartesparaiso.com\/en\/wp-json\/wp\/v2\/product"}],"about":[{"href":"https:\/\/suplipartesparaiso.com\/en\/wp-json\/wp\/v2\/types\/product"}],"version-history":[{"count":1,"href":"https:\/\/suplipartesparaiso.com\/en\/wp-json\/wp\/v2\/product\/5811\/revisions"}],"predecessor-version":[{"id":5820,"href":"https:\/\/suplipartesparaiso.com\/en\/wp-json\/wp\/v2\/product\/5811\/revisions\/5820"}],"wp:featuredmedia":[{"embeddable":true,"href":"https:\/\/suplipartesparaiso.com\/en\/wp-json\/wp\/v2\/media\/5813"}],"wp:attachment":[{"href":"https:\/\/suplipartesparaiso.com\/en\/wp-json\/wp\/v2\/media?parent=5811"}],"wp:term":[{"taxonomy":"product_cat","embeddable":true,"href":"https:\/\/suplipartesparaiso.com\/en\/wp-json\/wp\/v2\/product_cat?post=5811"},{"taxonomy":"product_tag","embeddable":true,"href":"https:\/\/suplipartesparaiso.com\/en\/wp-json\/wp\/v2\/product_tag?post=5811"}],"curies":[{"name":"wp","href":"https:\/\/api.w.org\/{rel}","templated":true}]}}