{"id":5892,"date":"2024-06-05T03:09:32","date_gmt":"2024-06-05T03:09:32","guid":{"rendered":"https:\/\/suplipartesparaiso.com\/?post_type=product&#038;p=5892"},"modified":"2024-06-05T03:09:32","modified_gmt":"2024-06-05T03:09:32","slug":"electroventilador-spark","status":"publish","type":"product","link":"https:\/\/suplipartesparaiso.com\/en\/product\/electroventilador-spark\/","title":{"rendered":"Electroventilador Spark"},"content":{"rendered":"<div class=\"ui-vpp-striped-specs\">\n<div class=\"ui-vpp-striped-specs__table\">\n<h3 class=\"ui-vpp-striped-specs__header\">Caracter\u00edsticas principales<\/h3>\n<table class=\"andes-table\">\n<tbody class=\"andes-table__body\">\n<tr class=\"andes-table__row ui-vpp-striped-specs__row\">\n<th class=\"andes-table__header andes-table__header--left ui-vpp-striped-specs__row__column ui-vpp-striped-specs__row__column--id\" scope=\"col\">\n<div class=\"andes-table__header__container\">Marca<\/div>\n<\/th>\n<td id=\":Radtat6l9im:\" class=\"andes-table__column andes-table__column--left andes-table__column--vertical-align-center ui-vpp-striped-specs__row__column\" title=\"YOSAI\"><span class=\"andes-table__column--value\">YOSAI<\/span><\/td>\n<\/tr>\n<tr class=\"andes-table__row ui-vpp-striped-specs__row\">\n<th class=\"andes-table__header andes-table__header--left ui-vpp-striped-specs__row__column ui-vpp-striped-specs__row__column--id\" scope=\"col\">\n<div class=\"andes-table__header__container\">N\u00famero de pieza<\/div>\n<\/th>\n<td id=\":Raetat6l9im:\" class=\"andes-table__column andes-table__column--left andes-table__column--vertical-align-center ui-vpp-striped-specs__row__column\" title=\"96395500\"><span class=\"andes-table__column--value\">96395500<\/span><\/td>\n<\/tr>\n<\/tbody>\n<\/table>\n<\/div>\n<\/div>\n<div class=\"ui-vpp-striped-specs\">\n<div class=\"ui-vpp-striped-specs__table\">\n<h3 class=\"ui-vpp-striped-specs__header\">Otros<\/h3>\n<table class=\"andes-table\">\n<tbody class=\"andes-table__body\">\n<tr class=\"andes-table__row ui-vpp-striped-specs__row\">\n<th class=\"andes-table__header andes-table__header--left ui-vpp-striped-specs__row__column ui-vpp-striped-specs__row__column--id\" scope=\"col\">\n<div class=\"andes-table__header__container\">Tipo de veh\u00edculo<\/div>\n<\/th>\n<td id=\":R57tit6l9im:\" class=\"andes-table__column andes-table__column--left andes-table__column--vertical-align-center ui-vpp-striped-specs__row__column\" title=\"Auto\/Camioneta\"><span class=\"andes-table__column--value\">Auto\/Camioneta<\/span><\/td>\n<\/tr>\n<\/tbody>\n<\/table>\n<\/div>\n<\/div>","protected":false},"excerpt":{"rendered":"<p>Caracter\u00edsticas principales Marca YOSAI N\u00famero de pieza 96395500 Otros Tipo de veh\u00edculo Auto\/Camioneta<\/p>","protected":false},"featured_media":5893,"template":"","meta":[],"product_cat":[40],"product_tag":[],"class_list":{"0":"post-5892","1":"product","2":"type-product","3":"status-publish","4":"has-post-thumbnail","6":"product_cat-all","8":"first","9":"instock","10":"shipping-taxable","11":"purchasable","12":"product-type-simple"},"_links":{"self":[{"href":"https:\/\/suplipartesparaiso.com\/en\/wp-json\/wp\/v2\/product\/5892","targetHints":{"allow":["GET"]}}],"collection":[{"href":"https:\/\/suplipartesparaiso.com\/en\/wp-json\/wp\/v2\/product"}],"about":[{"href":"https:\/\/suplipartesparaiso.com\/en\/wp-json\/wp\/v2\/types\/product"}],"version-history":[{"count":1,"href":"https:\/\/suplipartesparaiso.com\/en\/wp-json\/wp\/v2\/product\/5892\/revisions"}],"predecessor-version":[{"id":5895,"href":"https:\/\/suplipartesparaiso.com\/en\/wp-json\/wp\/v2\/product\/5892\/revisions\/5895"}],"wp:featuredmedia":[{"embeddable":true,"href":"https:\/\/suplipartesparaiso.com\/en\/wp-json\/wp\/v2\/media\/5893"}],"wp:attachment":[{"href":"https:\/\/suplipartesparaiso.com\/en\/wp-json\/wp\/v2\/media?parent=5892"}],"wp:term":[{"taxonomy":"product_cat","embeddable":true,"href":"https:\/\/suplipartesparaiso.com\/en\/wp-json\/wp\/v2\/product_cat?post=5892"},{"taxonomy":"product_tag","embeddable":true,"href":"https:\/\/suplipartesparaiso.com\/en\/wp-json\/wp\/v2\/product_tag?post=5892"}],"curies":[{"name":"wp","href":"https:\/\/api.w.org\/{rel}","templated":true}]}}